{"id":3173,"date":"2018-04-29T02:25:00","date_gmt":"2018-04-28T23:25:00","guid":{"rendered":"http:\/\/localhost\/lydia\/product\/161asl-55mm-2-17-8-sided\/"},"modified":"2023-05-23T17:21:27","modified_gmt":"2023-05-23T14:21:27","slug":"161asl-55mm-2-17-8-sided","status":"publish","type":"product","link":"https:\/\/asproms.com\/en\/product\/161asl-55mm-2-17-8-sided\/","title":{"rendered":"161ASL 55mm 8gen"},"content":{"rendered":"<p>Type: <strong>\u00a0\u00a0\u00a0\u00a0\u00a0\u00a0\u00a0\u00a0\u00a0\u00a0 8-sided LED Heatsink<\/strong><br \/>\nMaterial: <strong>\u00a0\u00a0Aluminum 6063-T5<\/strong><br \/>\nSurface: <strong>\u00a0\u00a0\u00a0\u00a0Non-Anodised <\/strong><br \/>\nDiameter: <strong>55mm \/ 2.17&#8243;<\/strong><br \/>\nHeight: \u00a0\u00a0\u00a0\u00a0\u00a0\u00a0<strong>13.5mm \/ 0.53&#8243;<\/strong><\/p>\n<p>This <strong> 8-sided<\/strong> LED Heatsink is <strong>derived<\/strong> from 161ASL Heatsink Extrusion with 8 equal vertical cuts.<\/p>\n<p>It is a <strong>purpose-built<\/strong> product for mounting <strong>LED PCBs up to 55mm \/ 2.17&#8243; diameter.<\/strong><\/p>\n<p>Through maximizing the surface contact of LED PCB to increase the heatsink performance, it is a <strong>cost effective<\/strong> solution for Round LED Products.<\/p>\n","protected":false},"excerpt":{"rendered":"<pre id=\"tw-target-text\" class=\"tw-data-text tw-text-large tw-ta\" dir=\"ltr\" data-placeholder=\"\u00c7eviri\"><em><span class=\"Y2IQFc\" lang=\"tr\"><strong>Kategori:<\/strong> 8gen LED So\u011futucu\r\n<strong>Malzeme:<\/strong> Al\u00fcminyum 6063-T5\r\n<strong>Y\u00fczey:<\/strong> Eloksals\u0131z\r\n<strong>\u00c7ap:<\/strong> 55mm \/ 2,17\"\r\n<strong>Y\u00fckseklik:<\/strong> 13,5 mm \/ 0,53\"\r\n\r\n161 asl 55mm 8gen LED So\u011futucu, 161 as kodlu profilden 8 e\u015fit dikey kesim yap\u0131larak \u00fcretilmi\u015ftir.\r\n55mm \/ 2.17\" \u00e7apa kadar LED PCB'lerin montaj\u0131 i\u00e7in amaca y\u00f6nelik \u00fcretilmi\u015f bir \u00fcr\u00fcnd\u00fcr.\r\nSo\u011futucu performans\u0131n\u0131 art\u0131rmak i\u00e7in LED PCB'nin y\u00fczey temas\u0131n\u0131 en \u00fcst d\u00fczeye \u00e7\u0131kararak, Yuvarlak LED \u00dcr\u00fcnleri i\u00e7in uygun maliyetli bir \u00e7\u00f6z\u00fcmd\u00fcr.<\/span><\/em><\/pre>\n","protected":false},"featured_media":3170,"template":"","meta":[],"product_brand":[],"product_cat":[99],"product_tag":[],"class_list":{"0":"post-3173","1":"product","2":"type-product","3":"status-publish","4":"has-post-thumbnail","6":"product_cat-8-16-sided-led-heatsinks","8":"first","9":"outofstock","10":"taxable","11":"shipping-taxable","12":"product-type-simple"},"_links":{"self":[{"href":"https:\/\/asproms.com\/en\/wp-json\/wp\/v2\/product\/3173","targetHints":{"allow":["GET"]}}],"collection":[{"href":"https:\/\/asproms.com\/en\/wp-json\/wp\/v2\/product"}],"about":[{"href":"https:\/\/asproms.com\/en\/wp-json\/wp\/v2\/types\/product"}],"wp:featuredmedia":[{"embeddable":true,"href":"https:\/\/asproms.com\/en\/wp-json\/wp\/v2\/media\/3170"}],"wp:attachment":[{"href":"https:\/\/asproms.com\/en\/wp-json\/wp\/v2\/media?parent=3173"}],"wp:term":[{"taxonomy":"product_brand","embeddable":true,"href":"https:\/\/asproms.com\/en\/wp-json\/wp\/v2\/product_brand?post=3173"},{"taxonomy":"product_cat","embeddable":true,"href":"https:\/\/asproms.com\/en\/wp-json\/wp\/v2\/product_cat?post=3173"},{"taxonomy":"product_tag","embeddable":true,"href":"https:\/\/asproms.com\/en\/wp-json\/wp\/v2\/product_tag?post=3173"}],"curies":[{"name":"wp","href":"https:\/\/api.w.org\/{rel}","templated":true}]}}