{"id":3157,"date":"2018-04-29T01:54:00","date_gmt":"2018-04-28T22:54:00","guid":{"rendered":"http:\/\/localhost\/lydia\/product\/160asl-85mm-3-35-8-sided\/"},"modified":"2023-05-24T16:52:44","modified_gmt":"2023-05-24T13:52:44","slug":"160asl-85mm-3-35-8-sided","status":"publish","type":"product","link":"https:\/\/asproms.com\/en\/product\/160asl-85mm-3-35-8-sided\/","title":{"rendered":"160ASL 85mm 8gen"},"content":{"rendered":"<p>Type: <strong>\u00a0\u00a0\u00a0\u00a0\u00a0\u00a0\u00a0\u00a0\u00a0\u00a0 8-sided LED Heatsink<\/strong><br \/>\nMaterial: <strong>\u00a0\u00a0Aluminum 6063-T5<\/strong><br \/>\nSurface: <strong>\u00a0\u00a0\u00a0\u00a0Non-Anodised <\/strong><br \/>\nDiameter: <strong>85mm \/ 3.35&#8243;<\/strong><br \/>\nHeight: \u00a0\u00a0\u00a0\u00a0\u00a0\u00a0<strong>35mm \/ 1.38&#8243;<\/strong><\/p>\n<p>This <strong> 8-sided<\/strong> LED Heatsink is <strong>derived<\/strong> from 160 ASL Heatsink Extrusion with 8 equal vertical cuts.<\/p>\n<p>It is a <strong>purpose-built<\/strong> product for mounting <strong>LED PCBs up to 85mm \/ 3.35&#8243; diameter.<\/strong><\/p>\n<p>Through maximizing the surface contact of LED PCB to increase the heatsink performance, it is a <strong>cost effective<\/strong> solution for Round LED Products.<\/p>\n","protected":false},"excerpt":{"rendered":"<p><em><span class=\"Y2IQFc\" lang=\"tr\"><strong>Kategori:<\/strong> 8gen LED So\u011futucu <\/span><\/em><\/p>\n<p><em><span class=\"Y2IQFc\" lang=\"tr\"><strong>Malzeme:<\/strong> Al\u00fcminyum 6063-T5 <\/span><\/em><\/p>\n<p><em><span class=\"Y2IQFc\" lang=\"tr\"><strong>Y\u00fczey:<\/strong> Eloksals\u0131z <\/span><\/em><\/p>\n<p><em><span class=\"Y2IQFc\" lang=\"tr\"><strong>\u00c7ap:<\/strong> 85mm \/ 3,35&#8243; <\/span><\/em><\/p>\n<p><em><span class=\"Y2IQFc\" lang=\"tr\"><strong>Y\u00fckseklik:<\/strong> 35 mm \/ 1,38&#8243; <\/span><\/em><\/p>\n<p><em><span class=\"Y2IQFc\" lang=\"tr\">160 asl 85mm 8gen LED So\u011futucu, 160 as kodlu profilden 8 e\u015fit dikey kesim yap\u0131larak \u00fcretilmi\u015ftir. 85mm \/ 3,35&#8243; \u00e7apa kadar LED PCB&#8217;lerin montaj\u0131 i\u00e7in amaca y\u00f6nelik \u00fcretilmi\u015f bir \u00fcr\u00fcnd\u00fcr. So\u011futucu performans\u0131n\u0131 art\u0131rmak i\u00e7in LED PCB&#8217;nin y\u00fczey temas\u0131n\u0131 en \u00fcst d\u00fczeye \u00e7\u0131kararak, Yuvarlak LED \u00dcr\u00fcnleri i\u00e7in uygun maliyetli bir \u00e7\u00f6z\u00fcmd\u00fcr.<\/span><\/em><\/p>\n","protected":false},"featured_media":3154,"template":"","meta":[],"product_brand":[],"product_cat":[61],"product_tag":[],"class_list":{"0":"post-3157","1":"product","2":"type-product","3":"status-publish","4":"has-post-thumbnail","6":"product_cat-8gen-16gen-led-sogutucular","8":"first","9":"outofstock","10":"taxable","11":"shipping-taxable","12":"product-type-simple"},"_links":{"self":[{"href":"https:\/\/asproms.com\/en\/wp-json\/wp\/v2\/product\/3157","targetHints":{"allow":["GET"]}}],"collection":[{"href":"https:\/\/asproms.com\/en\/wp-json\/wp\/v2\/product"}],"about":[{"href":"https:\/\/asproms.com\/en\/wp-json\/wp\/v2\/types\/product"}],"wp:featuredmedia":[{"embeddable":true,"href":"https:\/\/asproms.com\/en\/wp-json\/wp\/v2\/media\/3154"}],"wp:attachment":[{"href":"https:\/\/asproms.com\/en\/wp-json\/wp\/v2\/media?parent=3157"}],"wp:term":[{"taxonomy":"product_brand","embeddable":true,"href":"https:\/\/asproms.com\/en\/wp-json\/wp\/v2\/product_brand?post=3157"},{"taxonomy":"product_cat","embeddable":true,"href":"https:\/\/asproms.com\/en\/wp-json\/wp\/v2\/product_cat?post=3157"},{"taxonomy":"product_tag","embeddable":true,"href":"https:\/\/asproms.com\/en\/wp-json\/wp\/v2\/product_tag?post=3157"}],"curies":[{"name":"wp","href":"https:\/\/api.w.org\/{rel}","templated":true}]}}