{"id":2943,"date":"2018-04-23T01:32:00","date_gmt":"2018-04-22T22:32:00","guid":{"rendered":"http:\/\/localhost\/lydia\/product\/2002asl-t-bar-60mm-2-36\/"},"modified":"2023-11-23T10:07:52","modified_gmt":"2023-11-23T07:07:52","slug":"2002asl-t-bar-60mm-2-36","status":"publish","type":"product","link":"https:\/\/asproms.com\/en\/product\/2002asl-t-bar-60mm-2-36\/","title":{"rendered":"2002ASL &#8211; T-Bar &#8211; (\u230060mm)"},"content":{"rendered":"<p>T-Bars are special design CNC Machined Parts built to fit in Round LED Heatsinks.<\/p>\n<p>This T-Bar is made of <strong>6063-T5<\/strong> aluminum with an an outer surface diameter of <strong> 60.00mm (2.36&#8243;) <\/strong> for LED PCB applications.<\/p>\n<p>Inner (body) diameter of this T-Bar is <strong> 27.00mm (1.06&#8243;)<\/strong> that is build to pressed into <strong> 2002ASL Round LED Heatsink<\/strong><\/p>\n<p>*2002ASL Round LED Heatsink should be ordered separately.<\/p>\n","protected":false},"excerpt":{"rendered":"<pre id=\"tw-target-text\" class=\"tw-data-text tw-text-large tw-ta\" dir=\"ltr\" data-placeholder=\"\u00c7eviri\"><em><strong><span class=\"Y2IQFc\" lang=\"tr\">T-Barlar, Yuvarlak LED So\u011futuculara uyacak \u015fekilde \u00fcretilmi\u015f \u00f6zel tasar\u0131m CNC \u0130\u015flenmi\u015f Par\u00e7alard\u0131r.\r\nBu T-Bar, LED PCB uygulamalar\u0131 i\u00e7in 60.00mm (2.36\") d\u0131\u015f y\u00fczey \u00e7ap\u0131na sahip 6063-T5 al\u00fcminyumdan yap\u0131lm\u0131\u015ft\u0131r.\r\nBu T-Bar'\u0131n i\u00e7 (g\u00f6vde) \u00e7ap\u0131 27,00 mm'dir (1,06\") ve 2002ASL Yuvarlak LED So\u011futucuya preslenmek \u00fczere yap\u0131lm\u0131\u015ft\u0131r\r\n\r\n*2002ASL Yuvarlak LED So\u011futucu ayr\u0131ca sipari\u015f edilmelidir.<\/span><\/strong><\/em><\/pre>\n","protected":false},"featured_media":2941,"template":"","meta":[],"product_brand":[],"product_cat":[100],"product_tag":[],"class_list":{"0":"post-2943","1":"product","2":"type-product","3":"status-publish","4":"has-post-thumbnail","6":"product_cat-accessories","8":"first","9":"outofstock","10":"taxable","11":"shipping-taxable","12":"product-type-simple"},"_links":{"self":[{"href":"https:\/\/asproms.com\/en\/wp-json\/wp\/v2\/product\/2943","targetHints":{"allow":["GET"]}}],"collection":[{"href":"https:\/\/asproms.com\/en\/wp-json\/wp\/v2\/product"}],"about":[{"href":"https:\/\/asproms.com\/en\/wp-json\/wp\/v2\/types\/product"}],"wp:featuredmedia":[{"embeddable":true,"href":"https:\/\/asproms.com\/en\/wp-json\/wp\/v2\/media\/2941"}],"wp:attachment":[{"href":"https:\/\/asproms.com\/en\/wp-json\/wp\/v2\/media?parent=2943"}],"wp:term":[{"taxonomy":"product_brand","embeddable":true,"href":"https:\/\/asproms.com\/en\/wp-json\/wp\/v2\/product_brand?post=2943"},{"taxonomy":"product_cat","embeddable":true,"href":"https:\/\/asproms.com\/en\/wp-json\/wp\/v2\/product_cat?post=2943"},{"taxonomy":"product_tag","embeddable":true,"href":"https:\/\/asproms.com\/en\/wp-json\/wp\/v2\/product_tag?post=2943"}],"curies":[{"name":"wp","href":"https:\/\/api.w.org\/{rel}","templated":true}]}}