{"id":2914,"date":"2018-04-22T03:59:00","date_gmt":"2018-04-22T00:59:00","guid":{"rendered":"http:\/\/localhost\/lydia\/product\/e67-end-cap-set\/"},"modified":"2023-05-26T09:41:35","modified_gmt":"2023-05-26T06:41:35","slug":"e67-end-cap-set","status":"publish","type":"product","link":"https:\/\/asproms.com\/en\/product\/e67-end-cap-set\/","title":{"rendered":"550 ASL (YAN KAPAK)"},"content":{"rendered":"<p>End Cap Set* for LED Channel <strong>550ASL<\/strong><\/p>\n<p>*Set includes 2 End Caps and 8 screws.<\/p>\n","protected":false},"excerpt":{"rendered":"<pre id=\"tw-target-text\" class=\"tw-data-text tw-text-large tw-ta\" dir=\"ltr\" data-placeholder=\"\u00c7eviri\"><em><strong><span class=\"Y2IQFc\" lang=\"tr\">550ASL Lineer Lep Profil i\u00e7in sonland\u0131rma Kapa\u011f\u0131 Setidir. Gri ve Siyah renk se\u00e7enekleri mevcuttur. \r\n\r\n*Set 2 adet plastik sonland\u0131rma Kapa\u011f\u0131 ve 8 adet vida i\u00e7erir.<\/span><\/strong><\/em><\/pre>\n","protected":false},"featured_media":2909,"template":"","meta":[],"product_brand":[],"product_cat":[72],"product_tag":[],"class_list":{"0":"post-2914","1":"product","2":"type-product","3":"status-publish","4":"has-post-thumbnail","6":"product_cat-aksesuarlar","8":"first","9":"outofstock","10":"taxable","11":"shipping-taxable","12":"product-type-simple"},"_links":{"self":[{"href":"https:\/\/asproms.com\/en\/wp-json\/wp\/v2\/product\/2914","targetHints":{"allow":["GET"]}}],"collection":[{"href":"https:\/\/asproms.com\/en\/wp-json\/wp\/v2\/product"}],"about":[{"href":"https:\/\/asproms.com\/en\/wp-json\/wp\/v2\/types\/product"}],"wp:featuredmedia":[{"embeddable":true,"href":"https:\/\/asproms.com\/en\/wp-json\/wp\/v2\/media\/2909"}],"wp:attachment":[{"href":"https:\/\/asproms.com\/en\/wp-json\/wp\/v2\/media?parent=2914"}],"wp:term":[{"taxonomy":"product_brand","embeddable":true,"href":"https:\/\/asproms.com\/en\/wp-json\/wp\/v2\/product_brand?post=2914"},{"taxonomy":"product_cat","embeddable":true,"href":"https:\/\/asproms.com\/en\/wp-json\/wp\/v2\/product_cat?post=2914"},{"taxonomy":"product_tag","embeddable":true,"href":"https:\/\/asproms.com\/en\/wp-json\/wp\/v2\/product_tag?post=2914"}],"curies":[{"name":"wp","href":"https:\/\/api.w.org\/{rel}","templated":true}]}}