{"id":2894,"date":"2018-04-22T03:38:00","date_gmt":"2018-04-22T00:38:00","guid":{"rendered":"http:\/\/localhost\/lydia\/product\/e62-metal-end-cap\/"},"modified":"2023-05-26T09:53:24","modified_gmt":"2023-05-26T06:53:24","slug":"e62-metal-end-cap","status":"publish","type":"product","link":"https:\/\/asproms.com\/en\/product\/e62-metal-end-cap\/","title":{"rendered":"905 ASL Kuyruklu  MTL Kapak"},"content":{"rendered":"<p>Metal End Cap for Street Light Housing Set <strong>905ASL Set 1.<\/strong> Compatible with Street Light Poles with 45mm (1.77&#8243;) diameter.<\/p>\n<p>*Gasket included.<\/p>\n","protected":false},"excerpt":{"rendered":"<pre id=\"tw-target-text\" class=\"tw-data-text tw-text-large tw-ta\" dir=\"ltr\" data-placeholder=\"\u00c7eviri\"><em><strong><span class=\"Y2IQFc\" lang=\"tr\">905ASL Sokak Lambas\u0131 Seti i\u00e7in Metal sonland\u0131rma kapa\u011f\u0131d\u0131r.\r\n1. 45 mm (1,77\") \u00e7ap\u0131ndaki Sokak Lambas\u0131 Direkleri ile uyumludur.\r\n\r\n*Conta dahildir.<\/span><\/strong><\/em><\/pre>\n","protected":false},"featured_media":2890,"template":"","meta":[],"product_brand":[],"product_cat":[72],"product_tag":[],"class_list":{"0":"post-2894","1":"product","2":"type-product","3":"status-publish","4":"has-post-thumbnail","6":"product_cat-aksesuarlar","8":"first","9":"outofstock","10":"taxable","11":"shipping-taxable","12":"product-type-simple"},"_links":{"self":[{"href":"https:\/\/asproms.com\/en\/wp-json\/wp\/v2\/product\/2894","targetHints":{"allow":["GET"]}}],"collection":[{"href":"https:\/\/asproms.com\/en\/wp-json\/wp\/v2\/product"}],"about":[{"href":"https:\/\/asproms.com\/en\/wp-json\/wp\/v2\/types\/product"}],"wp:featuredmedia":[{"embeddable":true,"href":"https:\/\/asproms.com\/en\/wp-json\/wp\/v2\/media\/2890"}],"wp:attachment":[{"href":"https:\/\/asproms.com\/en\/wp-json\/wp\/v2\/media?parent=2894"}],"wp:term":[{"taxonomy":"product_brand","embeddable":true,"href":"https:\/\/asproms.com\/en\/wp-json\/wp\/v2\/product_brand?post=2894"},{"taxonomy":"product_cat","embeddable":true,"href":"https:\/\/asproms.com\/en\/wp-json\/wp\/v2\/product_cat?post=2894"},{"taxonomy":"product_tag","embeddable":true,"href":"https:\/\/asproms.com\/en\/wp-json\/wp\/v2\/product_tag?post=2894"}],"curies":[{"name":"wp","href":"https:\/\/api.w.org\/{rel}","templated":true}]}}