{"id":2860,"date":"2018-04-22T02:50:00","date_gmt":"2018-04-21T23:50:00","guid":{"rendered":"http:\/\/localhost\/lydia\/product\/e53-end-cap\/"},"modified":"2023-05-26T10:23:39","modified_gmt":"2023-05-26T07:23:39","slug":"e53-end-cap","status":"publish","type":"product","link":"https:\/\/asproms.com\/en\/product\/e53-end-cap\/","title":{"rendered":"967 ASL Plastik Kapak &#8211; Beyaz &#8211; Bombeli"},"content":{"rendered":"<p>End Cap for LED Channel <strong> 967ASL<\/strong><\/p>\n<p>967ASL offers Flat and Round Diffuser options. This End Cap is suitable for 967ASL with Opal Round (D24) or Clear Round (D22) Diffusers<\/p>\n","protected":false},"excerpt":{"rendered":"<pre id=\"tw-target-text\" class=\"tw-data-text tw-text-large tw-ta\" dir=\"ltr\" data-placeholder=\"\u00c7eviri\"><em><strong><span class=\"Y2IQFc\" lang=\"tr\">967ASL Bombeli Yan Kapak \r\n\r\n967ASL, Opak ve \u015eeffaf Bombeli Dif\u00fcz\u00f6r se\u00e7ene\u011fi sunar. \r\n967 asl  Bombeli Yan Kapak, Opak bombeli ve \u015eeffaf Bombeli Dif\u00fcz\u00f6rler ile kullan\u0131m i\u00e7in uygundur<\/span><\/strong><\/em><\/pre>\n","protected":false},"featured_media":2858,"template":"","meta":[],"product_brand":[],"product_cat":[72],"product_tag":[],"class_list":{"0":"post-2860","1":"product","2":"type-product","3":"status-publish","4":"has-post-thumbnail","6":"product_cat-aksesuarlar","8":"first","9":"outofstock","10":"taxable","11":"shipping-taxable","12":"product-type-simple"},"_links":{"self":[{"href":"https:\/\/asproms.com\/en\/wp-json\/wp\/v2\/product\/2860","targetHints":{"allow":["GET"]}}],"collection":[{"href":"https:\/\/asproms.com\/en\/wp-json\/wp\/v2\/product"}],"about":[{"href":"https:\/\/asproms.com\/en\/wp-json\/wp\/v2\/types\/product"}],"wp:featuredmedia":[{"embeddable":true,"href":"https:\/\/asproms.com\/en\/wp-json\/wp\/v2\/media\/2858"}],"wp:attachment":[{"href":"https:\/\/asproms.com\/en\/wp-json\/wp\/v2\/media?parent=2860"}],"wp:term":[{"taxonomy":"product_brand","embeddable":true,"href":"https:\/\/asproms.com\/en\/wp-json\/wp\/v2\/product_brand?post=2860"},{"taxonomy":"product_cat","embeddable":true,"href":"https:\/\/asproms.com\/en\/wp-json\/wp\/v2\/product_cat?post=2860"},{"taxonomy":"product_tag","embeddable":true,"href":"https:\/\/asproms.com\/en\/wp-json\/wp\/v2\/product_tag?post=2860"}],"curies":[{"name":"wp","href":"https:\/\/api.w.org\/{rel}","templated":true}]}}