{"id":2851,"date":"2018-04-22T02:43:00","date_gmt":"2018-04-21T23:43:00","guid":{"rendered":"http:\/\/localhost\/lydia\/product\/e50-end-cap\/"},"modified":"2023-05-26T10:31:31","modified_gmt":"2023-05-26T07:31:31","slug":"e50-end-cap","status":"publish","type":"product","link":"https:\/\/asproms.com\/en\/product\/e50-end-cap\/","title":{"rendered":"967 ASL Plastik Kapak &#8211; Kristal &#8211; Bombeli &#8211; B\u00fcy\u00fck"},"content":{"rendered":"<p>End Cap (Frosted) for LED Channel <strong> 961ASL and 967ASL<\/strong><\/p>\n<p>961ASL offers Flat and Round Diffuser options. This End Cap is suitable for 961ASL with Opal Flat (D23) or Clear Flat (D21) Diffusers<\/p>\n<p>967ASL offers Flat and Round Diffuser options. This End Cap is suitable for 967ASL with Opal Round (D24) or Clear Round (D22) Diffusers<\/p>\n","protected":false},"excerpt":{"rendered":"<pre id=\"tw-target-text\" class=\"tw-data-text tw-text-large tw-ta\" dir=\"ltr\" data-placeholder=\"\u00c7eviri\"><strong><span class=\"Y2IQFc\" lang=\"tr\">961ASL ve 967ASL i\u00e7in Kristal yan sonland\u0131rma kapa\u011f\u0131. (Buzlu)\r\n\r\n967ASL, D\u00fcz ve Bombeli Dif\u00fcz\u00f6r se\u00e7enekleri sunar. Kristal yan Kapak, 967 asl Opak bombeli veya \u015eeffaf Bombeli Dif\u00fcz\u00f6rl\u00fc 967 ASL i\u00e7in uygundur\r\n961ASL i\u00e7in ise sadece Opak D\u00fcz ve \u015eeffaf D\u00fcz Dif\u00fcz\u00f6r kullan\u0131m\u0131 i\u00e7in uygundur.<\/span><\/strong><\/pre>\n","protected":false},"featured_media":2848,"template":"","meta":[],"product_brand":[],"product_cat":[72],"product_tag":[],"class_list":{"0":"post-2851","1":"product","2":"type-product","3":"status-publish","4":"has-post-thumbnail","6":"product_cat-aksesuarlar","8":"first","9":"outofstock","10":"taxable","11":"shipping-taxable","12":"product-type-simple"},"_links":{"self":[{"href":"https:\/\/asproms.com\/en\/wp-json\/wp\/v2\/product\/2851","targetHints":{"allow":["GET"]}}],"collection":[{"href":"https:\/\/asproms.com\/en\/wp-json\/wp\/v2\/product"}],"about":[{"href":"https:\/\/asproms.com\/en\/wp-json\/wp\/v2\/types\/product"}],"wp:featuredmedia":[{"embeddable":true,"href":"https:\/\/asproms.com\/en\/wp-json\/wp\/v2\/media\/2848"}],"wp:attachment":[{"href":"https:\/\/asproms.com\/en\/wp-json\/wp\/v2\/media?parent=2851"}],"wp:term":[{"taxonomy":"product_brand","embeddable":true,"href":"https:\/\/asproms.com\/en\/wp-json\/wp\/v2\/product_brand?post=2851"},{"taxonomy":"product_cat","embeddable":true,"href":"https:\/\/asproms.com\/en\/wp-json\/wp\/v2\/product_cat?post=2851"},{"taxonomy":"product_tag","embeddable":true,"href":"https:\/\/asproms.com\/en\/wp-json\/wp\/v2\/product_tag?post=2851"}],"curies":[{"name":"wp","href":"https:\/\/api.w.org\/{rel}","templated":true}]}}