{"id":2847,"date":"2018-04-22T02:40:00","date_gmt":"2018-04-21T23:40:00","guid":{"rendered":"http:\/\/localhost\/lydia\/product\/e49-end-cap\/"},"modified":"2023-05-26T10:35:04","modified_gmt":"2023-05-26T07:35:04","slug":"e49-end-cap","status":"publish","type":"product","link":"https:\/\/asproms.com\/en\/product\/e49-end-cap\/","title":{"rendered":"967 ASL Plastik Kapak &#8211; Beyaz Kulakl\u0131 &#8211; Bombeli &#8211; B\u00fcy\u00fck"},"content":{"rendered":"<p>End Cap (White) for LED Channel <strong> 961ASL and 967ASL<\/strong><\/p>\n<p>961ASL offers Flat and Round Diffuser options. This End Cap is suitable for 961ASL with Opal Flat (D23) or Clear Flat (D21) Diffusers<\/p>\n<p>967ASL offers Flat and Round Diffuser options. This End Cap is suitable for 967ASL with Opal Round (D24) or Clear Round (D22) Diffusers<\/p>\n","protected":false},"excerpt":{"rendered":"<p><em><strong>961 asl &#8211; 967 asl Beyaz Kulakl\u0131 Kapak.<\/strong><\/em><\/p>\n","protected":false},"featured_media":2844,"template":"","meta":[],"product_brand":[],"product_cat":[72],"product_tag":[],"class_list":{"0":"post-2847","1":"product","2":"type-product","3":"status-publish","4":"has-post-thumbnail","6":"product_cat-aksesuarlar","8":"first","9":"outofstock","10":"taxable","11":"shipping-taxable","12":"product-type-simple"},"_links":{"self":[{"href":"https:\/\/asproms.com\/en\/wp-json\/wp\/v2\/product\/2847","targetHints":{"allow":["GET"]}}],"collection":[{"href":"https:\/\/asproms.com\/en\/wp-json\/wp\/v2\/product"}],"about":[{"href":"https:\/\/asproms.com\/en\/wp-json\/wp\/v2\/types\/product"}],"wp:featuredmedia":[{"embeddable":true,"href":"https:\/\/asproms.com\/en\/wp-json\/wp\/v2\/media\/2844"}],"wp:attachment":[{"href":"https:\/\/asproms.com\/en\/wp-json\/wp\/v2\/media?parent=2847"}],"wp:term":[{"taxonomy":"product_brand","embeddable":true,"href":"https:\/\/asproms.com\/en\/wp-json\/wp\/v2\/product_brand?post=2847"},{"taxonomy":"product_cat","embeddable":true,"href":"https:\/\/asproms.com\/en\/wp-json\/wp\/v2\/product_cat?post=2847"},{"taxonomy":"product_tag","embeddable":true,"href":"https:\/\/asproms.com\/en\/wp-json\/wp\/v2\/product_tag?post=2847"}],"curies":[{"name":"wp","href":"https:\/\/api.w.org\/{rel}","templated":true}]}}