{"id":2707,"date":"2018-04-20T21:26:00","date_gmt":"2018-04-20T18:26:00","guid":{"rendered":"http:\/\/localhost\/lydia\/product\/e13-end-cap\/"},"modified":"2023-05-26T14:35:17","modified_gmt":"2023-05-26T11:35:17","slug":"e13-end-cap","status":"publish","type":"product","link":"https:\/\/asproms.com\/en\/product\/e13-end-cap\/","title":{"rendered":"311 ASL PC Kapak + Conta (Cam \u00c7\u0131tal\u0131 Kullan\u0131m)"},"content":{"rendered":"<p>End Cap for Linear Wall Washer Housing <strong>311ASL<\/strong><\/p>\n<p>The 311ASL can be used with or without <strong>Windows Frames (312ASL) <\/strong>. This End Cap E13 is for <strong>Windows Frame<\/strong> used implementations.<\/p>\n<p>*Gasket included.<\/p>\n","protected":false},"excerpt":{"rendered":"<p><em><strong>311 ASL PC Kapak + Conta (Cam \u00c7\u0131tal\u0131 Kullan\u0131m)<\/strong><\/em><\/p>\n","protected":false},"featured_media":2703,"template":"","meta":[],"product_brand":[],"product_cat":[72],"product_tag":[],"class_list":{"0":"post-2707","1":"product","2":"type-product","3":"status-publish","4":"has-post-thumbnail","6":"product_cat-aksesuarlar","8":"first","9":"outofstock","10":"taxable","11":"shipping-taxable","12":"product-type-simple"},"_links":{"self":[{"href":"https:\/\/asproms.com\/en\/wp-json\/wp\/v2\/product\/2707","targetHints":{"allow":["GET"]}}],"collection":[{"href":"https:\/\/asproms.com\/en\/wp-json\/wp\/v2\/product"}],"about":[{"href":"https:\/\/asproms.com\/en\/wp-json\/wp\/v2\/types\/product"}],"wp:featuredmedia":[{"embeddable":true,"href":"https:\/\/asproms.com\/en\/wp-json\/wp\/v2\/media\/2703"}],"wp:attachment":[{"href":"https:\/\/asproms.com\/en\/wp-json\/wp\/v2\/media?parent=2707"}],"wp:term":[{"taxonomy":"product_brand","embeddable":true,"href":"https:\/\/asproms.com\/en\/wp-json\/wp\/v2\/product_brand?post=2707"},{"taxonomy":"product_cat","embeddable":true,"href":"https:\/\/asproms.com\/en\/wp-json\/wp\/v2\/product_cat?post=2707"},{"taxonomy":"product_tag","embeddable":true,"href":"https:\/\/asproms.com\/en\/wp-json\/wp\/v2\/product_tag?post=2707"}],"curies":[{"name":"wp","href":"https:\/\/api.w.org\/{rel}","templated":true}]}}