{"id":2566,"date":"2018-04-19T21:28:00","date_gmt":"2018-04-19T18:28:00","guid":{"rendered":"http:\/\/localhost\/lydia\/product\/d08-opal-stripped-diffuser\/"},"modified":"2023-05-26T16:04:14","modified_gmt":"2023-05-26T13:04:14","slug":"d08-opal-stripped-diffuser","status":"publish","type":"product","link":"https:\/\/asproms.com\/en\/product\/d08-opal-stripped-diffuser\/","title":{"rendered":"531 ASL PC Opak \u00c7izgili Dif\u00fcz\u00f6r"},"content":{"rendered":"<p>High Quality<strong>\u00a0Opal Stripped Diffuser<\/strong>\u00a0compatible with LED Channel\u00a0<strong>531ASL<\/strong><\/p>\n<p><strong><strong>Length Availability<\/strong>\u00a0<\/strong><br \/>\n1m \/ 3.28ft<br \/>\n2m \/ 6.56ft<br \/>\n3m \/ 9.84ft<br \/>\nCustom Lengths\u00a0<strong>up to 3.05m \/ 10ft<\/strong><\/p>\n<p><strong>Material:\u00a0<\/strong>Polycarbonate<\/p>\n","protected":false},"excerpt":{"rendered":"<p><em><strong>531 ASL PC Opak \u00c7izgili Dif\u00fcz\u00f6r<\/strong><\/em><\/p>\n","protected":false},"featured_media":2564,"template":"","meta":[],"product_brand":[],"product_cat":[72],"product_tag":[],"class_list":{"0":"post-2566","1":"product","2":"type-product","3":"status-publish","4":"has-post-thumbnail","6":"product_cat-aksesuarlar","8":"first","9":"outofstock","10":"taxable","11":"shipping-taxable","12":"product-type-simple"},"_links":{"self":[{"href":"https:\/\/asproms.com\/en\/wp-json\/wp\/v2\/product\/2566","targetHints":{"allow":["GET"]}}],"collection":[{"href":"https:\/\/asproms.com\/en\/wp-json\/wp\/v2\/product"}],"about":[{"href":"https:\/\/asproms.com\/en\/wp-json\/wp\/v2\/types\/product"}],"wp:featuredmedia":[{"embeddable":true,"href":"https:\/\/asproms.com\/en\/wp-json\/wp\/v2\/media\/2564"}],"wp:attachment":[{"href":"https:\/\/asproms.com\/en\/wp-json\/wp\/v2\/media?parent=2566"}],"wp:term":[{"taxonomy":"product_brand","embeddable":true,"href":"https:\/\/asproms.com\/en\/wp-json\/wp\/v2\/product_brand?post=2566"},{"taxonomy":"product_cat","embeddable":true,"href":"https:\/\/asproms.com\/en\/wp-json\/wp\/v2\/product_cat?post=2566"},{"taxonomy":"product_tag","embeddable":true,"href":"https:\/\/asproms.com\/en\/wp-json\/wp\/v2\/product_tag?post=2566"}],"curies":[{"name":"wp","href":"https:\/\/api.w.org\/{rel}","templated":true}]}}